{"id":559,"date":"2024-11-22T11:00:54","date_gmt":"2024-11-22T10:00:54","guid":{"rendered":"https:\/\/umbrella.cloud10.webhome.at\/?page_id=559"},"modified":"2025-11-12T10:50:05","modified_gmt":"2025-11-12T09:50:05","slug":"speisekarte","status":"publish","type":"page","link":"https:\/\/www.umbrellabar.at\/en\/speisekarte\/","title":{"rendered":"menu"},"content":{"rendered":"<p>[et_pb_section fb_built=&#8220;1&#8243; custom_padding_last_edited=&#8220;on|tablet&#8220; module_class=&#8220;umbrella-header&#8220; _builder_version=&#8220;4.25.2&#8243; _module_preset=&#8220;default&#8220; horizontal_offset=&#8220;0px&#8220; custom_padding=&#8220;50px||0px||false|false&#8220; custom_padding_tablet=&#8220;25px||||false|false&#8220; custom_padding_phone=&#8220;25px||||false|false&#8220; custom_css_main_element=&#8220;padding-top: 50px !important;&#8220; global_module=&#8220;176&#8243; saved_tabs=&#8220;all&#8220; locked=&#8220;off&#8220; global_colors_info=&#8220;{}&#8220; custom_css_main_element_last_edited=&#8220;on|tablet&#8220; custom_css_main_element_tablet=&#8220;padding-top: 25px !important;&#8220; custom_css_main_element_phone=&#8220;padding-top: 25px !important;&#8220;][et_pb_row column_structure=&#8220;1_2,1_2&#8243; module_class=&#8220;tablet-two-cols&#8220; _builder_version=&#8220;4.25.2&#8243; _module_preset=&#8220;default&#8220; max_width_tablet=&#8220;1356px&#8220; global_colors_info=&#8220;{}&#8220;][et_pb_column type=&#8220;1_2&#8243; _builder_version=&#8220;4.25.2&#8243; _module_preset=&#8220;default&#8220; global_colors_info=&#8220;{}&#8220; custom_css_main_element_last_edited=&#8220;on|phone&#8220; custom_css_main_element_phone=&#8220;margin-bottom: 0px;||width: 70% !important;&#8220; custom_css_main_element_tablet=&#8220;margin-bottom: 0px;&#8220;][et_pb_image src=&#8220;https:\/\/www.umbrellabar.at\/wp-content\/uploads\/2024\/11\/Umbrella-Gerlos.svg&#8220; alt=&#8220;Umbrella Gerlos&#8220; title_text=&#8220;Umbrella Gerlos&#8220; url=&#8220;@ET-DC@eyJkeW5hbWljIjp0cnVlLCJjb250ZW50IjoicG9zdF9saW5rX3VybF9wYWdlIiwic2V0dGluZ3MiOnsicG9zdF9pZCI6IjQ3In19@&#8220; _builder_version=&#8220;4.25.2&#8243; _dynamic_attributes=&#8220;url&#8220; _module_preset=&#8220;default&#8220; height=&#8220;42.66px&#8220; height_tablet=&#8220;26.18px&#8220; height_phone=&#8220;26.18px&#8220; height_last_edited=&#8220;on|phone&#8220; global_colors_info=&#8220;{}&#8220;][\/et_pb_image][\/et_pb_column][et_pb_column type=&#8220;1_2&#8243; _builder_version=&#8220;4.25.2&#8243; _module_preset=&#8220;default&#8220; global_colors_info=&#8220;{}&#8220; custom_css_main_element__hover_enabled=&#8220;off|desktop&#8220; custom_css_main_element_last_edited=&#8220;on|phone&#8220; custom_css_main_element_phone=&#8220;margin-bottom: 0px;||width: 30% !important;&#8220;][et_pb_image src=&#8220;https:\/\/www.umbrellabar.at\/wp-content\/uploads\/2024\/11\/Bar-und-Restaurant.svg&#8220; alt=&#8220;Bar und Restaurant&#8220; title_text=&#8220;Bar &#038; Restaurant&#8220; align=&#8220;right&#8220; _builder_version=&#8220;4.25.2&#8243; _module_preset=&#8220;default&#8220; positioning=&#8220;relative&#8220; position_origin_a=&#8220;bottom_right&#8220; position_origin_r=&#8220;bottom_left&#8220; vertical_offset=&#8220;-13px&#8220; horizontal_offset=&#8220;0px&#8220; vertical_offset_tablet=&#8220;-7.36px&#8220; vertical_offset_phone=&#8220;-7.36px&#8220; vertical_offset_last_edited=&#8220;on|tablet&#8220; width=&#8220;100%&#8220; height=&#8220;31.93px&#8220; height_tablet=&#8220;19.91px&#8220; height_phone=&#8220;19.91px&#8220; height_last_edited=&#8220;on|tablet&#8220; global_colors_info=&#8220;{}&#8220;][\/et_pb_image][\/et_pb_column][\/et_pb_row][et_pb_row disabled_on=&#8220;off|off|on&#8220; _builder_version=&#8220;4.25.2&#8243; _module_preset=&#8220;default&#8220; max_width_tablet=&#8220;1356px&#8220; custom_padding=&#8220;24px||0px||false|false&#8220; global_colors_info=&#8220;{}&#8220;][et_pb_column type=&#8220;4_4&#8243; _builder_version=&#8220;4.25.2&#8243; _module_preset=&#8220;default&#8220; global_colors_info=&#8220;{}&#8220;][et_pb_text _builder_version=&#8220;4.25.2&#8243; _module_preset=&#8220;default&#8220; text_orientation=&#8220;right&#8220; global_colors_info=&#8220;{}&#8220;]<\/p>\n<p><a href=\"https:\/\/app.teburio.de\/widget\/gLzvfcoP6Crf9SAbJ\" target=\"_blank\" style=\"color: #ff0000; text-transform: uppercase; text-decoration: underline;\" class=\"cta-link-mobile\" rel=\"noopener\">Tisch reservieren<\/a><\/p>\n<p>[\/et_pb_text][\/et_pb_column][\/et_pb_row][\/et_pb_section][et_pb_section fb_built=&#8220;1&#8243; custom_padding_last_edited=&#8220;on|phone&#8220; _builder_version=&#8220;4.25.2&#8243; _module_preset=&#8220;default&#8220; custom_margin=&#8220;||100px||false|false&#8220; custom_margin_tablet=&#8220;||60px||false|false&#8220; custom_margin_phone=&#8220;||||false|false&#8220; custom_margin_last_edited=&#8220;on|phone&#8220; custom_padding=&#8220;192px||||false|false&#8220; custom_padding_tablet=&#8220;82px||||false|false&#8220; custom_padding_phone=&#8220;82px||||false|false&#8220; global_colors_info=&#8220;{}&#8220;][et_pb_row _builder_version=&#8220;4.25.2&#8243; _module_preset=&#8220;default&#8220; max_width_tablet=&#8220;1356px&#8220; custom_margin=&#8220;0px||147px||false|false&#8220; custom_margin_tablet=&#8220;||80px||false|false&#8220; custom_margin_phone=&#8220;||102px||false|false&#8220; custom_margin_last_edited=&#8220;on|phone&#8220; global_colors_info=&#8220;{}&#8220;][et_pb_column type=&#8220;4_4&#8243; _builder_version=&#8220;4.25.2&#8243; _module_preset=&#8220;default&#8220; global_colors_info=&#8220;{}&#8220;][et_pb_text _builder_version=&#8220;4.25.2&#8243; _module_preset=&#8220;default&#8220; header_text_color=&#8220;#FF0000&#8243; custom_margin=&#8220;0px||10px||false|false&#8220; global_colors_info=&#8220;{}&#8220;]<\/p>\n<h1>Selbstbedienung \u2022 \u00c0-la-carte-Re\u00ads\u00adtau\u00adrant \u2022 Pizza Corner<\/h1>\n<p>[\/et_pb_text][et_pb_text _builder_version=&#8220;4.25.2&#8243; _module_preset=&#8220;default&#8220; width=&#8220;100%&#8220; width_tablet=&#8220;448px&#8220; width_phone=&#8220;100%&#8220; width_last_edited=&#8220;off|phone&#8220; custom_margin=&#8220;0px||30px||false|false&#8220; custom_margin_tablet=&#8220;||10px||false|false&#8220; custom_margin_phone=&#8220;||10px||false|false&#8220; custom_margin_last_edited=&#8220;on|tablet&#8220; global_colors_info=&#8220;{}&#8220;]<\/p>\n<p class=\"big-text\">Genie\u00df<br \/>\ndeine Zeit<\/p>\n<p>[\/et_pb_text][\/et_pb_column][\/et_pb_row][et_pb_row column_structure=&#8220;1_2,1_2&#8243; admin_label=&#8220;Schirm&#8220; _builder_version=&#8220;4.25.2&#8243; _module_preset=&#8220;default&#8220; positioning=&#8220;absolute&#8220; position_origin_a=&#8220;top_center&#8220; vertical_offset=&#8220;150px&#8220; vertical_offset_tablet=&#8220;105px&#8220; vertical_offset_phone=&#8220;105px&#8220; vertical_offset_last_edited=&#8220;on|phone&#8220; global_colors_info=&#8220;{}&#8220;][et_pb_column type=&#8220;1_2&#8243; _builder_version=&#8220;4.25.2&#8243; _module_preset=&#8220;default&#8220; global_colors_info=&#8220;{}&#8220;][\/et_pb_column][et_pb_column type=&#8220;1_2&#8243; _builder_version=&#8220;4.25.2&#8243; _module_preset=&#8220;default&#8220; global_colors_info=&#8220;{}&#8220;][et_pb_image src=&#8220;https:\/\/www.umbrellabar.at\/wp-content\/uploads\/2024\/11\/Umbrella.svg&#8220; alt=&#8220;Umbrella&#8220; title_text=&#8220;Umbrella&#8220; align=&#8220;right&#8220; _builder_version=&#8220;4.27.3&#8243; _module_preset=&#8220;default&#8220; width_tablet=&#8220;195.64px&#8220; width_phone=&#8220;195.64px&#8220; width_last_edited=&#8220;on|phone&#8220; global_colors_info=&#8220;{}&#8220;][\/et_pb_image][\/et_pb_column][\/et_pb_row][et_pb_row column_structure=&#8220;1_2,1_2&#8243; _builder_version=&#8220;4.25.2&#8243; _module_preset=&#8220;default&#8220; custom_margin=&#8220;0px||120px||false|false&#8220; custom_margin_tablet=&#8220;||60px||false|false&#8220; custom_margin_phone=&#8220;||||false|false&#8220; custom_margin_last_edited=&#8220;on|phone&#8220; global_colors_info=&#8220;{}&#8220;][et_pb_column type=&#8220;1_2&#8243; _builder_version=&#8220;4.25.2&#8243; _module_preset=&#8220;default&#8220; global_colors_info=&#8220;{}&#8220;][et_pb_text _builder_version=&#8220;4.25.2&#8243; _module_preset=&#8220;default&#8220; text_text_color=&#8220;#FF0000&#8243; width_tablet=&#8220;425px&#8220; width_phone=&#8220;100%&#8220; width_last_edited=&#8220;off|desktop&#8220; custom_margin=&#8220;0px||20px|0px|false|false&#8220; custom_margin_tablet=&#8220;0px||12px|0%|false|false&#8220; custom_margin_phone=&#8220;|||0%|false|false&#8220; custom_margin_last_edited=&#8220;on|phone&#8220; global_colors_info=&#8220;{}&#8220;]<\/p>\n<p class=\"small-headline\">F\u00fcr jeden Geschmack was dabei<\/p>\n<p>[\/et_pb_text][et_pb_text _builder_version=&#8220;4.25.2&#8243; _module_preset=&#8220;default&#8220; width_tablet=&#8220;425px&#8220; width_phone=&#8220;100%&#8220; width_last_edited=&#8220;off|desktop&#8220; custom_margin=&#8220;0px||0px|0px|false|false&#8220; custom_margin_tablet=&#8220;0px||60px|0px|false|false&#8220; custom_margin_phone=&#8220;|||0%|false|false&#8220; custom_margin_last_edited=&#8220;on|tablet&#8220; global_colors_info=&#8220;{}&#8220;]<\/p>\n<p class=\"h2\">Von Wiener Schnitzel bis ofenfrische Pizza. Von feinen Weinen bis coolen Drinks. Von kleinem Appetit bis gro\u00dfem Partyhunger.<\/p>\n<p>[\/et_pb_text][\/et_pb_column][et_pb_column type=&#8220;1_2&#8243; _builder_version=&#8220;4.25.2&#8243; _module_preset=&#8220;default&#8220; global_colors_info=&#8220;{}&#8220;][et_pb_button button_url=&#8220;https:\/\/www.umbrellabar.at\/wp-content\/uploads\/2025\/11\/13-Umbrella_Speisekarte_202526_A5-Steher_01_WEB.pdf&#8220; url_new_window=&#8220;on&#8220; button_text=&#8220;Selbstbedienung&#8220; module_class=&#8220;button-bereiche&#8220; _builder_version=&#8220;4.27.4&#8243; _module_preset=&#8220;default&#8220; custom_margin=&#8220;||35px||false|false&#8220; custom_margin_tablet=&#8220;||25px||false|false&#8220; custom_margin_phone=&#8220;||25px||false|false&#8220; custom_margin_last_edited=&#8220;on|tablet&#8220; hover_enabled=&#8220;0&#8243; global_module=&#8220;238&#8243; saved_tabs=&#8220;all&#8220; global_colors_info=&#8220;{}&#8220; sticky_enabled=&#8220;0&#8243;][\/et_pb_button][et_pb_button button_url=&#8220;https:\/\/www.umbrellabar.at\/wp-content\/uploads\/2025\/11\/13-Umbrella_Speisekarte_alacarte_Magazin_2526_210x210_03_WEB.pdf&#8220; url_new_window=&#8220;on&#8220; button_text=&#8220;\u00c0-la-carte-Restaurant&#8220; module_class=&#8220;button-bereiche&#8220; _builder_version=&#8220;4.27.4&#8243; _module_preset=&#8220;default&#8220; custom_margin=&#8220;||35px||false|false&#8220; custom_margin_tablet=&#8220;||25px||false|false&#8220; custom_margin_phone=&#8220;||25px||false|false&#8220; custom_margin_last_edited=&#8220;on|tablet&#8220; hover_enabled=&#8220;0&#8243; global_module=&#8220;239&#8243; saved_tabs=&#8220;all&#8220; global_colors_info=&#8220;{}&#8220; sticky_enabled=&#8220;0&#8243;][\/et_pb_button][et_pb_button button_url=&#8220;https:\/\/www.umbrellabar.at\/wp-content\/uploads\/2025\/11\/13-Umbrella_PizzaCorner_Speisekarte_202526_105x297mm_01_WEB.pdf&#8220; url_new_window=&#8220;on&#8220; button_text=&#8220;Pizza Corner&#8220; module_class=&#8220;button-bereiche&#8220; _builder_version=&#8220;4.27.4&#8243; _module_preset=&#8220;default&#8220; hover_enabled=&#8220;0&#8243; global_module=&#8220;240&#8243; saved_tabs=&#8220;all&#8220; global_colors_info=&#8220;{}&#8220; sticky_enabled=&#8220;0&#8243;][\/et_pb_button][\/et_pb_column][\/et_pb_row][\/et_pb_section][et_pb_section fb_built=&#8220;1&#8243; custom_padding_last_edited=&#8220;on|tablet&#8220; _builder_version=&#8220;4.25.2&#8243; _module_preset=&#8220;default&#8220; background_color=&#8220;#FF0000&#8243; custom_padding=&#8220;60px||60px||true|false&#8220; custom_padding_tablet=&#8220;40px||40px||true|false&#8220; custom_padding_phone=&#8220;40px||40px||true|false&#8220; saved_tabs=&#8220;all&#8220; global_colors_info=&#8220;{}&#8220;][et_pb_row column_structure=&#8220;1_2,1_2&#8243; _builder_version=&#8220;4.25.2&#8243; _module_preset=&#8220;default&#8220; global_colors_info=&#8220;{}&#8220;][et_pb_column type=&#8220;1_2&#8243; _builder_version=&#8220;4.25.2&#8243; _module_preset=&#8220;default&#8220; global_colors_info=&#8220;{}&#8220;][et_pb_text _builder_version=&#8220;4.25.2&#8243; _module_preset=&#8220;default&#8220; text_text_color=&#8220;#590000&#8243; custom_margin=&#8220;0px||25px||false|false&#8220; custom_margin_tablet=&#8220;||20px||false|false&#8220; custom_margin_phone=&#8220;||20px||false|false&#8220; custom_margin_last_edited=&#8220;on|tablet&#8220; global_colors_info=&#8220;{}&#8220;]<\/p>\n<p class=\"small-headline\">Hast du unsere \u00d6ffnungszeiten am Schirm?<\/p>\n<p>[\/et_pb_text][et_pb_button button_url=&#8220;https:\/\/app.teburio.de\/widget\/gLzvfcoP6Crf9SAbJ&#8220; url_new_window=&#8220;on&#8220; button_text=&#8220;Tisch reservieren&#8220; module_class=&#8220;button-dunkel&#8220; _builder_version=&#8220;4.25.2&#8243; _module_preset=&#8220;default&#8220; button_on_hover=&#8220;off&#8220; custom_margin_tablet=&#8220;||40px||false|false&#8220; custom_margin_phone=&#8220;||40px||false|false&#8220; custom_margin_last_edited=&#8220;on|tablet&#8220; global_colors_info=&#8220;{}&#8220; button_border_color__hover_enabled=&#8220;on|hover&#8220; button_border_color__hover=&#8220;#590000&#8243; button_bg_color__hover_enabled=&#8220;on|desktop&#8220; button_bg_color__hover=&#8220;#590000&#8243; button_bg_enable_color__hover=&#8220;on&#8220;][\/et_pb_button][\/et_pb_column][et_pb_column type=&#8220;1_2&#8243; _builder_version=&#8220;4.25.2&#8243; _module_preset=&#8220;default&#8220; global_colors_info=&#8220;{}&#8220;][et_pb_text _builder_version=&#8220;4.25.2&#8243; _module_preset=&#8220;default&#8220; text_orientation=&#8220;right&#8220; custom_margin=&#8220;0px||||false|false&#8220; text_orientation_tablet=&#8220;right&#8220; text_orientation_phone=&#8220;left&#8220; text_orientation_last_edited=&#8220;on|phone&#8220; global_colors_info=&#8220;{}&#8220;]<\/p>\n<p class=\"oeffnungszeiten\">T\u00e4glich warme K\u00fcche<br \/>10:30 \u2013 16:00 Uhr<\/p>\n<p>[\/et_pb_text][\/et_pb_column][\/et_pb_row][\/et_pb_section][et_pb_section fb_built=&#8220;1&#8243; custom_padding_last_edited=&#8220;on|phone&#8220; _builder_version=&#8220;4.25.2&#8243; _module_preset=&#8220;default&#8220; background_color=&#8220;#FEF0E8&#8243; custom_padding=&#8220;85px||85px||true|false&#8220; custom_padding_tablet=&#8220;40px||40px||true|false&#8220; custom_padding_phone=&#8220;||||true|false&#8220; global_colors_info=&#8220;{}&#8220;][et_pb_row column_structure=&#8220;1_2,1_2&#8243; _builder_version=&#8220;4.25.2&#8243; _module_preset=&#8220;default&#8220; custom_margin=&#8220;0px||50px||false|false&#8220; custom_margin_tablet=&#8220;||20px||false|false&#8220; custom_margin_phone=&#8220;||||false|false&#8220; custom_margin_last_edited=&#8220;on|phone&#8220; global_colors_info=&#8220;{}&#8220;][et_pb_column type=&#8220;1_2&#8243; _builder_version=&#8220;4.25.2&#8243; _module_preset=&#8220;default&#8220; global_colors_info=&#8220;{}&#8220;][et_pb_image src=&#8220;https:\/\/www.umbrellabar.at\/wp-content\/uploads\/2024\/11\/Fleisch.webp&#8220; alt=&#8220;Fleisch&#8220; title_text=&#8220;Fleisch&#8220; _builder_version=&#8220;4.27.3&#8243; _module_preset=&#8220;default&#8220; width=&#8220;100%&#8220; width_tablet=&#8220;70%&#8220; width_phone=&#8220;100%&#8220; width_last_edited=&#8220;on|phone&#8220; max_width_tablet=&#8220;371px&#8220; max_width_phone=&#8220;none&#8220; max_width_last_edited=&#8220;on|desktop&#8220; custom_margin_tablet=&#8220;0px||20px||false|false&#8220; custom_margin_phone=&#8220;0px||20px||false|false&#8220; custom_margin_last_edited=&#8220;on|tablet&#8220; global_colors_info=&#8220;{}&#8220;][\/et_pb_image][\/et_pb_column][et_pb_column type=&#8220;1_2&#8243; module_class=&#8220;vertical-align&#8220; _builder_version=&#8220;4.25.2&#8243; _module_preset=&#8220;default&#8220; global_colors_info=&#8220;{}&#8220;][et_pb_image src=&#8220;https:\/\/www.umbrellabar.at\/wp-content\/uploads\/2024\/11\/Kaiserschmarrn.webp&#8220; alt=&#8220;Kaiserschmarrn&#8220; title_text=&#8220;Kaiserschmarrn&#8220; _builder_version=&#8220;4.27.3&#8243; _module_preset=&#8220;default&#8220; width=&#8220;100%&#8220; width_tablet=&#8220;70%&#8220; width_phone=&#8220;100%&#8220; width_last_edited=&#8220;on|phone&#8220; max_width_tablet=&#8220;371px&#8220; max_width_phone=&#8220;none&#8220; max_width_last_edited=&#8220;on|desktop&#8220; module_alignment=&#8220;right&#8220; global_colors_info=&#8220;{}&#8220;][\/et_pb_image][\/et_pb_column][\/et_pb_row][et_pb_row column_structure=&#8220;1_3,2_3&#8243; _builder_version=&#8220;4.25.2&#8243; _module_preset=&#8220;default&#8220; custom_margin=&#8220;0px||||false|false&#8220; custom_margin_tablet=&#8220;||20.5px||false|false&#8220; custom_margin_phone=&#8220;||20.5px||false|false&#8220; custom_margin_last_edited=&#8220;off|desktop&#8220; global_colors_info=&#8220;{}&#8220;][et_pb_column type=&#8220;1_3&#8243; _builder_version=&#8220;4.25.2&#8243; _module_preset=&#8220;default&#8220; global_colors_info=&#8220;{}&#8220;][et_pb_image src=&#8220;https:\/\/www.umbrellabar.at\/wp-content\/uploads\/2024\/11\/Schirme.svg&#8220; alt=&#8220;Schirme&#8220; title_text=&#8220;Schirme&#8220; _builder_version=&#8220;4.25.2&#8243; _module_preset=&#8220;default&#8220; height=&#8220;499px&#8220; height_tablet=&#8220;214px&#8220; height_phone=&#8220;214px&#8220; height_last_edited=&#8220;on|desktop&#8220; custom_margin_tablet=&#8220;0px||20px||false|false&#8220; custom_margin_phone=&#8220;0px||20px||false|false&#8220; custom_margin_last_edited=&#8220;on|tablet&#8220; global_colors_info=&#8220;{}&#8220;][\/et_pb_image][\/et_pb_column][et_pb_column type=&#8220;2_3&#8243; _builder_version=&#8220;4.25.2&#8243; _module_preset=&#8220;default&#8220; global_colors_info=&#8220;{}&#8220;][et_pb_image src=&#8220;https:\/\/www.umbrellabar.at\/wp-content\/uploads\/2024\/11\/Beef-Tartare.webp&#8220; alt=&#8220;Beef Tartare&#8220; title_text=&#8220;Beef Tartare&#8220; align=&#8220;right&#8220; _builder_version=&#8220;4.25.2&#8243; _module_preset=&#8220;default&#8220; width=&#8220;100%&#8220; width_tablet=&#8220;71.7%&#8220; width_phone=&#8220;100%&#8220; width_last_edited=&#8220;on|tablet&#8220; max_width_tablet=&#8220;430px&#8220; max_width_phone=&#8220;none&#8220; max_width_last_edited=&#8220;on|desktop&#8220; min_height_last_edited=&#8220;off|tablet&#8220; custom_margin=&#8220;0px||||false|false&#8220; custom_margin_tablet=&#8220;||10px||false|false&#8220; custom_margin_phone=&#8220;||10px||false|false&#8220; custom_margin_last_edited=&#8220;on|tablet&#8220; global_colors_info=&#8220;{}&#8220;][\/et_pb_image][\/et_pb_column][\/et_pb_row][\/et_pb_section][et_pb_section fb_built=&#8220;1&#8243; custom_padding_last_edited=&#8220;on|tablet&#8220; _builder_version=&#8220;4.25.2&#8243; _module_preset=&#8220;default&#8220; custom_padding=&#8220;100px||100px||true|false&#8220; custom_padding_tablet=&#8220;60px||60px||true|false&#8220; custom_padding_phone=&#8220;60px||60px||true|false&#8220; global_module=&#8220;374&#8243; global_colors_info=&#8220;{}&#8220;][et_pb_row column_structure=&#8220;1_2,1_2&#8243; _builder_version=&#8220;4.25.2&#8243; _module_preset=&#8220;default&#8220; global_colors_info=&#8220;{}&#8220;][et_pb_column type=&#8220;1_2&#8243; _builder_version=&#8220;4.25.2&#8243; _module_preset=&#8220;default&#8220; global_colors_info=&#8220;{}&#8220;][et_pb_text _builder_version=&#8220;4.25.2&#8243; _module_preset=&#8220;default&#8220; text_text_color=&#8220;#FF0000&#8243; custom_margin=&#8220;0px||20px||false|false&#8220; custom_margin_tablet=&#8220;||12px||false|false&#8220; custom_margin_phone=&#8220;||12px||false|false&#8220; custom_margin_last_edited=&#8220;on|tablet&#8220; global_colors_info=&#8220;{}&#8220;]<\/p>\n<p class=\"small-headline\">Easy erreichbar<\/p>\n<p>[\/et_pb_text][et_pb_text _builder_version=&#8220;4.25.2&#8243; _module_preset=&#8220;default&#8220; custom_margin=&#8220;0px||20px||false|false&#8220; custom_margin_tablet=&#8220;||12px||false|false&#8220; custom_margin_phone=&#8220;||12px||false|false&#8220; custom_margin_last_edited=&#8220;on|tablet&#8220; global_colors_info=&#8220;{}&#8220;]<\/p>\n<p class=\"h2\">Ob mit den Skiern, dem Auto oder mit dem Skibus \u2013 du erreichst uns bequem, und wie du willst.<\/h2>\n<p>[\/et_pb_text][et_pb_button button_url=&#8220;https:\/\/www.zillertalarena.com\/info-service\/service\/lage-anreise\/&#8220; url_new_window=&#8220;on&#8220; button_text=&#8220;Lage und Anreise&#8220; _builder_version=&#8220;4.25.2&#8243; _module_preset=&#8220;default&#8220; custom_margin=&#8220;||50px||false|false&#8220; custom_margin_tablet=&#8220;||12px||false|false&#8220; custom_margin_phone=&#8220;||12px||false|false&#8220; custom_margin_last_edited=&#8220;on|phone&#8220; global_colors_info=&#8220;{}&#8220;][\/et_pb_button][\/et_pb_column][et_pb_column type=&#8220;1_2&#8243; _builder_version=&#8220;4.25.2&#8243; _module_preset=&#8220;default&#8220; global_colors_info=&#8220;{}&#8220;][et_pb_text _builder_version=&#8220;4.25.2&#8243; _module_preset=&#8220;default&#8220; link_text_color=&#8220;#FEF0E8&#8243; text_orientation=&#8220;right&#8220; custom_margin=&#8220;0px||30px||false|false&#8220; text_orientation_tablet=&#8220;left&#8220; text_orientation_phone=&#8220;left&#8220; text_orientation_last_edited=&#8220;on|tablet&#8220; global_colors_info=&#8220;{}&#8220; link_text_color__hover_enabled=&#8220;on|desktop&#8220; link_text_color__hover=&#8220;#FF0000&#8243;]<\/p>\n<p><a href=\"https:\/\/maps.app.goo.gl\/6J4NAYpe6GSgddgK9\" target=\"_blank\" rel=\"noopener\">Gerlos 355<br \/>6281 Gerlos<br \/>\u00d6sterreich<\/a><\/p>\n<p>[\/et_pb_text][\/et_pb_column][\/et_pb_row][et_pb_row _builder_version=&#8220;4.25.2&#8243; _module_preset=&#8220;default&#8220; global_colors_info=&#8220;{}&#8220;][et_pb_column type=&#8220;4_4&#8243; _builder_version=&#8220;4.25.2&#8243; _module_preset=&#8220;default&#8220; global_colors_info=&#8220;{}&#8220;][et_pb_code raw_content_tablet=&#8220;<iframe src=%22https:\/\/www.google.com\/maps\/embed?pb=!1m18!1m12!1m3!1d18855.490119342066!2d12.069455818932587!3d47.23666879560526!2m3!1f0!2f0!3f0!3m2!1i1024!2i768!4f13.1!3m3!1m2!1s0x4777c6fe51b9c2bb%3A0x162eaae7e92580fb!2sumbrella%20bar.restaurant!5e0!3m2!1sde!2sat!4v1732184726834!5m2!1sde!2sat%22 width=%22100%%22 height=%22365%22 style=%22border:0;%22 allowfullscreen=%22%22 loading=%22lazy%22 referrerpolicy=%22no-referrer-when-downgrade%22><\/iframe>&#8220; raw_content_phone=&#8220;<iframe src=%22https:\/\/www.google.com\/maps\/embed?pb=!1m18!1m12!1m3!1d18855.490119342066!2d12.069455818932587!3d47.23666879560526!2m3!1f0!2f0!3f0!3m2!1i1024!2i768!4f13.1!3m3!1m2!1s0x4777c6fe51b9c2bb%3A0x162eaae7e92580fb!2sumbrella%20bar.restaurant!5e0!3m2!1sde!2sat!4v1732184726834!5m2!1sde!2sat%22 width=%22100%%22 height=%22365%22 style=%22border:0;%22 allowfullscreen=%22%22 loading=%22lazy%22 referrerpolicy=%22no-referrer-when-downgrade%22><\/iframe>&#8220; raw_content_last_edited=&#8220;on|phone&#8220; _builder_version=&#8220;4.25.2&#8243; _module_preset=&#8220;default&#8220; global_colors_info=&#8220;{}&#8220;]<iframe src=\"https:\/\/www.google.com\/maps\/embed?pb=!1m18!1m12!1m3!1d18855.490119342066!2d12.069455818932587!3d47.23666879560526!2m3!1f0!2f0!3f0!3m2!1i1024!2i768!4f13.1!3m3!1m2!1s0x4777c6fe51b9c2bb%3A0x162eaae7e92580fb!2sumbrella%20bar.restaurant!5e0!3m2!1sde!2sat!4v1732184726834!5m2!1sde!2sat\" width=\"100%\" height=\"628\" style=\"border:0;\" allowfullscreen=\"\" loading=\"lazy\" referrerpolicy=\"no-referrer-when-downgrade\"><\/iframe>[\/et_pb_code][\/et_pb_column][\/et_pb_row][\/et_pb_section]<\/p>\n","protected":false},"excerpt":{"rendered":"<p>Tisch reservierenSelbstbedienung \u2022 \u00c0-la-carte-Re\u00ads\u00adtau\u00adrant \u2022 Pizza CornerGenie\u00df deine ZeitF\u00fcr jeden Geschmack was dabeiVon Wiener Schnitzel bis ofenfrische Pizza. Von feinen Weinen bis coolen Drinks. Von kleinem Appetit bis gro\u00dfem Partyhunger.Hast du unsere \u00d6ffnungszeiten am Schirm?T\u00e4glich warme K\u00fcche10:30 \u2013 16:00 UhrEasy erreichbarOb mit den Skiern, dem Auto oder mit dem Skibus \u2013 du erreichst uns bequem, und wie du willst.Gerlos 3556281 Gerlos\u00d6sterreich<\/p>","protected":false},"author":1,"featured_media":0,"parent":0,"menu_order":0,"comment_status":"closed","ping_status":"closed","template":"","meta":{"_et_pb_use_builder":"on","_et_pb_old_content":"","_et_gb_content_width":"","footnotes":""},"class_list":["post-559","page","type-page","status-publish","hentry"],"_links":{"self":[{"href":"https:\/\/www.umbrellabar.at\/en\/wp-json\/wp\/v2\/pages\/559","targetHints":{"allow":["GET"]}}],"collection":[{"href":"https:\/\/www.umbrellabar.at\/en\/wp-json\/wp\/v2\/pages"}],"about":[{"href":"https:\/\/www.umbrellabar.at\/en\/wp-json\/wp\/v2\/types\/page"}],"author":[{"embeddable":true,"href":"https:\/\/www.umbrellabar.at\/en\/wp-json\/wp\/v2\/users\/1"}],"replies":[{"embeddable":true,"href":"https:\/\/www.umbrellabar.at\/en\/wp-json\/wp\/v2\/comments?post=559"}],"version-history":[{"count":8,"href":"https:\/\/www.umbrellabar.at\/en\/wp-json\/wp\/v2\/pages\/559\/revisions"}],"predecessor-version":[{"id":1162,"href":"https:\/\/www.umbrellabar.at\/en\/wp-json\/wp\/v2\/pages\/559\/revisions\/1162"}],"wp:attachment":[{"href":"https:\/\/www.umbrellabar.at\/en\/wp-json\/wp\/v2\/media?parent=559"}],"curies":[{"name":"wp","href":"https:\/\/api.w.org\/{rel}","templated":true}]}}